{"id":689,"date":"2021-03-09T05:33:52","date_gmt":"2021-03-09T10:33:52","guid":{"rendered":"https:\/\/elcubanoamericano.wordpress.com\/?page_id=689"},"modified":"2024-11-14T02:55:14","modified_gmt":"2024-11-14T02:55:14","slug":"colombia","status":"publish","type":"page","link":"https:\/\/elcubanoamericano.com\/index.php\/colombia\/","title":{"rendered":"COLOMBIA"},"content":{"rendered":"\n<h1 class=\"wp-block-heading alignfull has-text-align-center\">\u00daLTIMAS NOTICIAS DE COLOMBIA<\/h1>\n\n\n\n<figure class=\"wp-block-image size-large\"><img decoding=\"async\" src=\"https:\/\/elcubanoamericano.wordpress.com\/wp-content\/uploads\/2021\/03\/ad040-colombia.png\" alt=\"\"\/><\/figure>\n\n\n\n<p class=\"has-text-align-justify\">Buscamos personas comprometidas con el d\u00eda a d\u00eda de la vida pol\u00edtica y econ\u00f3mica de Colombia. Si sigue de cerca las noticias colombiana y tiene algo que quiera decir sobre un evento reciente, estamos especialmente emocionados de saber de usted.<\/p>\n\n\n<ul class=\"is-grid columns-2 has-dates has-authors has-excerpts wp-block-rss\"><li class='wp-block-rss__item'><div class='wp-block-rss__item-title'><a href='https:\/\/www.eltiempo.com\/politica\/gobierno\/velacion-de-german-vargas-lleras-en-bogota-estas-son-las-fechas-horarios-y-lugar-3554389'>Velaci\u00f3n de Germ\u00e1n Vargas Lleras en Bogot\u00e1: estas son las fechas, horarios y lugar<\/a><\/div><time datetime=\"2026-05-09T12:11:01+00:00\" class=\"wp-block-rss__item-publish-date\">May 9, 2026<\/time> <div class=\"wp-block-rss__item-excerpt\">El exvicepresidente Germ\u00e1n Vargas Lleras muri\u00f3 a los 64 a\u00f1os. Su familia y Cambio Radical confirmaron los actos de velaci\u00f3n en Bogot\u00e1.<\/div><\/li><li class='wp-block-rss__item'><div class='wp-block-rss__item-title'><a href='https:\/\/www.eltiempo.com\/politica\/partidos-politicos\/esta-seria-la-ultima-foto-de-german-vargas-lleras-antes-de-morir-el-exvicepresidente-fallecio-a-los-64-anos-por-una-grave-enfermedad-3554376'>Las \u00faltimas im\u00e1genes p\u00fablicas de Germ\u00e1n Vargas Lleras en sus redes sociales: disfrutando de su nieto en familia<\/a><\/div><time datetime=\"2026-05-09T11:07:22+00:00\" class=\"wp-block-rss__item-publish-date\">May 9, 2026<\/time> <div class=\"wp-block-rss__item-excerpt\">En la imagen est\u00e1 acompa\u00f1ado de su nieto. La Fundaci\u00f3n Santa Fe se pronunci\u00f3 por su muerte y atenci\u00f3n m\u00e9dica.<\/div><\/li><li class='wp-block-rss__item'><div class='wp-block-rss__item-title'><a href='https:\/\/www.eltiempo.com\/politica\/gobierno\/ministro-de-defensa-pedro-sanchez-anuncio-recompensa-de-500-millones-por-alias-chala-tras-asesinato-del-periodista-mateo-perez-rueda-3554388'>Ministro de Defensa, Pedro S\u00e1nchez, anunci\u00f3 recompensa de $500 millones por alias &#039;Chala&#039; tras asesinato del periodista Mateo P\u00e9rez Rueda<\/a><\/div><time datetime=\"2026-05-09T11:01:00+00:00\" class=\"wp-block-rss__item-publish-date\">May 9, 2026<\/time> <div class=\"wp-block-rss__item-excerpt\">Autoridades vinculan al se\u00f1alado criminal con la estructura 36 de las disidencias de las Farc.<\/div><\/li><li class='wp-block-rss__item'><div class='wp-block-rss__item-title'><a href='https:\/\/www.eltiempo.com\/politica\/gobierno\/presidente-gustavo-petro-afirma-que-esta-dispuesto-a-retirar-los-aranceles-a-los-productos-ecuatorianos-3554387'>Presidente Gustavo Petro afirma que est\u00e1 dispuesto a retirar los aranceles a los productos ecuatorianos<\/a><\/div><time datetime=\"2026-05-09T09:30:00+00:00\" class=\"wp-block-rss__item-publish-date\">May 9, 2026<\/time> <div class=\"wp-block-rss__item-excerpt\">La Comunidad Andina (CAN) dio un plazo de diez d\u00edas para que se solucione la disputa.<\/div><\/li><li class='wp-block-rss__item'><div class='wp-block-rss__item-title'><a href='https:\/\/www.eltiempo.com\/politica\/esto-es-lo-que-proponen-los-candidatos-en-materia-educativa-3554301'>Esto es lo que proponen los candidatos en materia educativa<\/a><\/div><time datetime=\"2026-05-09T04:05:00+00:00\" class=\"wp-block-rss__item-publish-date\">May 9, 2026<\/time> <div class=\"wp-block-rss__item-excerpt\">Los aspirantes presidenciales plantean iniciativas que van desde llevar universidades a regiones apartadas hasta formaci\u00f3n en IA.<\/div><\/li><li class='wp-block-rss__item'><div class='wp-block-rss__item-title'><a href='https:\/\/www.eltiempo.com\/politica\/elecciones-colombia-2026\/estos-son-los-proyectos-que-podrian-hundirse-en-las-proximas-semanas-ante-el-ausentismo-y-el-plan-tortuga-en-el-congreso-3553915'>Estos son los proyectos que podr\u00edan hundirse en las pr\u00f3ximas semanas ante el ausentismo y el &#039;plan tortuga&#039; en el Congreso<\/a><\/div><time datetime=\"2026-05-09T04:01:19+00:00\" class=\"wp-block-rss__item-publish-date\">May 9, 2026<\/time> <div class=\"wp-block-rss__item-excerpt\">Quedan pocas semanas para que termine el actual Congreso y varias de las sesiones han sido levantadas por falta de qu\u00f3rum.<\/div><\/li><li class='wp-block-rss__item'><div class='wp-block-rss__item-title'><a href='https:\/\/www.eltiempo.com\/politica\/partidos-politicos\/german-vargas-lleras-uno-de-los-politicos-mas-importantes-de-la-historia-reciente-la-vida-del-estadista-que-defendio-la-democracia-colombiana-3554352'>Germ\u00e1n Vargas Lleras, uno de los pol\u00edticos m\u00e1s importantes de la historia reciente: la vida del estadista que defendi\u00f3 la democracia colombiana<\/a><\/div><time datetime=\"2026-05-09T03:47:29+00:00\" class=\"wp-block-rss__item-publish-date\">May 9, 2026<\/time> <div class=\"wp-block-rss__item-excerpt\">Especial period\u00edstico sobre el legado del exvicepresidente que falleci\u00f3 el viernes 8 de mayo.<\/div><\/li><li class='wp-block-rss__item'><div class='wp-block-rss__item-title'><a href='https:\/\/www.eltiempo.com\/politica\/partidos-politicos\/el-mensaje-de-luz-maria-zapata-es-la-exesposa-de-german-vargas-lleras-tras-su-fallecimiento-3554349'>El mensaje de Luz Mar\u00eda Zapata, la exesposa de Germ\u00e1n Vargas Lleras, tras su fallecimiento<\/a><\/div><time datetime=\"2026-05-09T03:04:10+00:00\" class=\"wp-block-rss__item-publish-date\">May 9, 2026<\/time> <div class=\"wp-block-rss__item-excerpt\">\u200bEl exvicepresidente y l\u00edder del partido Cambio Radical muri\u00f3 este viernes a los 64 a\u00f1os en la capital del pa\u00eds.<\/div><\/li><li class='wp-block-rss__item'><div class='wp-block-rss__item-title'><a href='https:\/\/www.eltiempo.com\/politica\/gobierno\/el-ultimo-video-que-publico-german-vargas-lleras-antes-de-morir-reaparecio-con-un-mensaje-para-hablar-de-las-elecciones-de-2026-y-su-partido-3554358'>El \u00faltimo video que public\u00f3 Germ\u00e1n Vargas Lleras antes de morir: reapareci\u00f3 con un mensaje para hablar de las elecciones de 2026 y su partido<\/a><\/div><time datetime=\"2026-05-09T02:50:36+00:00\" class=\"wp-block-rss__item-publish-date\">May 9, 2026<\/time> <div class=\"wp-block-rss__item-excerpt\">El exvicepresidente colombiano falleci\u00f3 tras complicaciones de salud.<\/div><\/li><li class='wp-block-rss__item'><div class='wp-block-rss__item-title'><a href='https:\/\/www.eltiempo.com\/politica\/gobierno\/ministro-del-interior-armando-benedetti-y-otros-funcionarios-del-gobierno-petro-lamentaron-la-muerte-de-german-vargas-lleras-3554355'>Ministro del Interior, Armando Benedetti, y otros funcionarios del gobierno Petro lamentaron la muerte de Germ\u00e1n Vargas Lleras<\/a><\/div><time datetime=\"2026-05-09T02:26:05+00:00\" class=\"wp-block-rss__item-publish-date\">May 9, 2026<\/time> <div class=\"wp-block-rss__item-excerpt\">Llegaron a coincidir en el Congreso como congresistas y en el papel de Vargas Lleras como ministro del Interior.<\/div><\/li><\/ul>","protected":false},"excerpt":{"rendered":"<p>\u00daLTIMAS NOTICIAS DE COLOMBIA Buscamos personas comprometidas con el d\u00eda a d\u00eda de la vida pol\u00edtica y econ\u00f3mica de Colombia. Si sigue de cerca las noticias colombiana y tiene algo que quiera decir sobre un evento reciente, estamos especialmente emocionados de saber de usted.<\/p>\n","protected":false},"author":1,"featured_media":0,"parent":0,"menu_order":0,"comment_status":"closed","ping_status":"closed","template":"","meta":{"footnotes":""},"class_list":["post-689","page","type-page","status-publish","hentry"],"aioseo_notices":[],"_links":{"self":[{"href":"https:\/\/elcubanoamericano.com\/index.php\/wp-json\/wp\/v2\/pages\/689","targetHints":{"allow":["GET"]}}],"collection":[{"href":"https:\/\/elcubanoamericano.com\/index.php\/wp-json\/wp\/v2\/pages"}],"about":[{"href":"https:\/\/elcubanoamericano.com\/index.php\/wp-json\/wp\/v2\/types\/page"}],"author":[{"embeddable":true,"href":"https:\/\/elcubanoamericano.com\/index.php\/wp-json\/wp\/v2\/users\/1"}],"replies":[{"embeddable":true,"href":"https:\/\/elcubanoamericano.com\/index.php\/wp-json\/wp\/v2\/comments?post=689"}],"version-history":[{"count":1,"href":"https:\/\/elcubanoamericano.com\/index.php\/wp-json\/wp\/v2\/pages\/689\/revisions"}],"predecessor-version":[{"id":914,"href":"https:\/\/elcubanoamericano.com\/index.php\/wp-json\/wp\/v2\/pages\/689\/revisions\/914"}],"wp:attachment":[{"href":"https:\/\/elcubanoamericano.com\/index.php\/wp-json\/wp\/v2\/media?parent=689"}],"curies":[{"name":"wp","href":"https:\/\/api.w.org\/{rel}","templated":true}]}}