{"id":699,"date":"2021-03-09T05:38:01","date_gmt":"2021-03-09T10:38:01","guid":{"rendered":"https:\/\/elcubanoamericano.wordpress.com\/?page_id=699"},"modified":"2025-02-06T06:11:32","modified_gmt":"2025-02-06T06:11:32","slug":"venezuela","status":"publish","type":"page","link":"https:\/\/elcubanoamericano.com\/index.php\/venezuela\/","title":{"rendered":"VENEZUELA"},"content":{"rendered":"\n<div class=\"wp-block-cover alignfull\" style=\"min-height:372px;aspect-ratio:unset;\"><span aria-hidden=\"true\" class=\"wp-block-cover__background has-background-dim-0 has-background-dim\"><\/span><img decoding=\"async\" class=\"wp-block-cover__image-background wp-image-530\" alt=\"\" src=\"https:\/\/elcubanoamericano.files.wordpress.com\/2021\/02\/el-cubano-americano-web.jpg\" data-object-fit=\"cover\"\/><div class=\"wp-block-cover__inner-container is-layout-flow wp-block-cover-is-layout-flow\">\n<p class=\"has-text-align-center has-large-font-size\"><\/p>\n<\/div><\/div>\n\n\n\n<h1 class=\"wp-block-heading alignfull has-text-align-center\">\u00daLTIMAS NOTICIAS DE VENEZUELA<\/h1>\n\n\n\n<figure class=\"wp-block-image size-large\"><img decoding=\"async\" src=\"https:\/\/larepublica.pe\/resizer\/xMT8atZay1JvQRSlzh89lKTr8Ug=\/1250x735\/top\/smart\/arc-anglerfish-arc2-prod-gruporepublica.s3.amazonaws.com\/public\/OHD6Z2KHE5FD7PKNKS6OTJN3II.jpeg\" alt=\"\"\/><\/figure>\n\n\n\n<p class=\"has-text-align-justify\">Buscamos personas comprometidas con el d\u00eda a d\u00eda de la vida pol\u00edtica y econ\u00f3mica de Venezuela. Si sigue de cerca las noticias venezolanas y tiene algo que quiera decir sobre un evento reciente, estamos especialmente emocionados de saber de usted.<\/p>\n\n\n<ul class=\"is-grid columns-3 has-dates has-authors has-excerpts wp-block-rss\"><li class='wp-block-rss__item'><div class='wp-block-rss__item-title'><a href='https:\/\/www.elnacional.com\/2026\/05\/la-exigencia-de-maria-corina-machado-al-gobierno-liberen-a-todos-los-presos-politicos-antes-de-que-mueran-mas\/'>La exigencia de Mar\u00eda Corina Machado al gobierno: &quot;Liberen a todos los presos pol\u00edticos antes de que mueran m\u00e1s&quot;<\/a><\/div><time datetime=\"2026-05-09T12:01:28+00:00\" class=\"wp-block-rss__item-publish-date\">May 9, 2026<\/time> <span class=\"wp-block-rss__item-author\">by EFE<\/span><div class=\"wp-block-rss__item-excerpt\">La l\u00edder opositora indic\u00f3 que todav\u00eda hay cientos de detenidos en las c\u00e1rceles venezolanas y que sus familias no saben si &quot;est\u00e1n vivos, siendo torturados, muriendo o (si est\u00e1n) ya muertos&quot;. The post La exigencia de Mar\u00eda Corina Machado al gobierno: &quot;Liberen a todos los presos pol\u00edticos antes de que mueran m\u00e1s&quot; appeared first on [&hellip;]<\/div><\/li><li class='wp-block-rss__item'><div class='wp-block-rss__item-title'><a href='https:\/\/www.elnacional.com\/2026\/05\/espana-afronta-en-24-horas-una-compleja-operacion-para-evacuar-el-crucero-del-hantavirus\/'>Espa\u00f1a afronta en 24 horas una compleja operaci\u00f3n para evacuar el crucero del hantavirus<\/a><\/div><time datetime=\"2026-05-09T11:59:01+00:00\" class=\"wp-block-rss__item-publish-date\">May 9, 2026<\/time> <span class=\"wp-block-rss__item-author\">by EFE<\/span><div class=\"wp-block-rss__item-excerpt\">Todas las miradas estar\u00e1n puestas en Tenerife, pero sin perder de vista al hospital de Alicante, a la espera del resultado este fin de semana de la PCR que se ha practicado a la mujer de 32 a\u00f1os ingresada en esa ciudad por un posible contagio del virus, tras viajar en el mismo avi\u00f3n que [&hellip;]<\/div><\/li><li class='wp-block-rss__item'><div class='wp-block-rss__item-title'><a href='https:\/\/www.elnacional.com\/2026\/05\/ee-uu-dice-que-hubo-dos-muertos-en-su-mas-reciente-golpe-a-presunta-narcolancha\/'>EE UU dice que hubo dos muertos en su m\u00e1s reciente golpe a presunta narcolancha<\/a><\/div><time datetime=\"2026-05-09T11:54:00+00:00\" class=\"wp-block-rss__item-publish-date\">May 9, 2026<\/time> <span class=\"wp-block-rss__item-author\">by AFP<\/span><div class=\"wp-block-rss__item-excerpt\">El ataque se da despu\u00e9s de docenas de otros golpes similares en los \u00faltimos meses a presuntas narcolanchas y que contabilizan al menos 189 muertos en una ofensiva militar de Washington. The post EE UU dice que hubo dos muertos en su m\u00e1s reciente golpe a presunta narcolancha appeared first on EL NACIONAL.<\/div><\/li><li class='wp-block-rss__item'><div class='wp-block-rss__item-title'><a href='https:\/\/www.elnacional.com\/2026\/05\/el-real-madrid-quiere-retrasar-laliga-del-barcelona\/'>El Real Madrid quiere retrasar LaLiga del Barcelona<\/a><\/div><time datetime=\"2026-05-09T11:49:37+00:00\" class=\"wp-block-rss__item-publish-date\">May 9, 2026<\/time> <span class=\"wp-block-rss__item-author\">by AFP<\/span><div class=\"wp-block-rss__item-excerpt\">El prestigio del club y alargar un poco m\u00e1s la espera azulgrana parece el \u00fanico objetivo de los merengues, ya que solo una aut\u00e9ntica debacle del Bar\u00e7a en las jornadas que quedar\u00e1n impedir\u00eda que se alcen con el t\u00edtulo. The post El Real Madrid quiere retrasar LaLiga del Barcelona appeared first on EL NACIONAL.<\/div><\/li><li class='wp-block-rss__item'><div class='wp-block-rss__item-title'><a href='https:\/\/www.elnacional.com\/2026\/05\/iran-dice-que-participara-en-el-mundial-pero-pide-garantias-a-los-organizadores\/'>Ir\u00e1n dice que participar\u00e1 en el Mundial, pero pide garant\u00edas a los organizadores<\/a><\/div><time datetime=\"2026-05-09T11:31:04+00:00\" class=\"wp-block-rss__item-publish-date\">May 9, 2026<\/time> <span class=\"wp-block-rss__item-author\">by AFP<\/span><div class=\"wp-block-rss__item-excerpt\">La presencia de este pa\u00eds en el torneo, que se disputar\u00e1 del 11 de junio al 19 de julio, ha estado en el aire desde el estallido de la guerra en Oriente Medio en febrero tras los ataques de Estados Unidos e Israel. The post Ir\u00e1n dice que participar\u00e1 en el Mundial, pero pide garant\u00edas [&hellip;]<\/div><\/li><\/ul>","protected":false},"excerpt":{"rendered":"<p>\u00daLTIMAS NOTICIAS DE VENEZUELA Buscamos personas comprometidas con el d\u00eda a d\u00eda de la vida pol\u00edtica y econ\u00f3mica de Venezuela. Si sigue de cerca las noticias venezolanas y tiene algo que quiera decir sobre un evento reciente, estamos especialmente emocionados de saber de usted.<\/p>\n","protected":false},"author":1,"featured_media":0,"parent":0,"menu_order":0,"comment_status":"closed","ping_status":"closed","template":"","meta":{"footnotes":""},"class_list":["post-699","page","type-page","status-publish","hentry"],"aioseo_notices":[],"_links":{"self":[{"href":"https:\/\/elcubanoamericano.com\/index.php\/wp-json\/wp\/v2\/pages\/699","targetHints":{"allow":["GET"]}}],"collection":[{"href":"https:\/\/elcubanoamericano.com\/index.php\/wp-json\/wp\/v2\/pages"}],"about":[{"href":"https:\/\/elcubanoamericano.com\/index.php\/wp-json\/wp\/v2\/types\/page"}],"author":[{"embeddable":true,"href":"https:\/\/elcubanoamericano.com\/index.php\/wp-json\/wp\/v2\/users\/1"}],"replies":[{"embeddable":true,"href":"https:\/\/elcubanoamericano.com\/index.php\/wp-json\/wp\/v2\/comments?post=699"}],"version-history":[{"count":2,"href":"https:\/\/elcubanoamericano.com\/index.php\/wp-json\/wp\/v2\/pages\/699\/revisions"}],"predecessor-version":[{"id":923,"href":"https:\/\/elcubanoamericano.com\/index.php\/wp-json\/wp\/v2\/pages\/699\/revisions\/923"}],"wp:attachment":[{"href":"https:\/\/elcubanoamericano.com\/index.php\/wp-json\/wp\/v2\/media?parent=699"}],"curies":[{"name":"wp","href":"https:\/\/api.w.org\/{rel}","templated":true}]}}